{"id":3103,"date":"2021-11-25T08:46:35","date_gmt":"2021-11-25T08:46:35","guid":{"rendered":"https:\/\/dmoura1.com\/privacy-policy\/"},"modified":"2022-03-23T12:52:26","modified_gmt":"2022-03-23T12:52:26","slug":"politica-de-privacidad","status":"publish","type":"page","link":"https:\/\/dmoura1.com\/es\/politica-de-privacidad\/","title":{"rendered":"Pol\u00edtica de Privacidad"},"content":{"rendered":"\t\t<div data-elementor-type=\"wp-page\" data-elementor-id=\"3103\" class=\"elementor elementor-3103 elementor-713\">\n\t\t\t\t\t\t\t\t\t<section class=\"elementor-section elementor-top-section elementor-element elementor-element-ed94527 elementor-section-boxed elementor-section-height-default elementor-section-height-default\" data-id=\"ed94527\" data-element_type=\"section\" data-settings=\"{&quot;jet_parallax_layout_list&quot;:[],&quot;background_background&quot;:&quot;classic&quot;}\">\n\t\t\t\t\t\t<div class=\"elementor-container elementor-column-gap-default\">\n\t\t\t\t\t<div class=\"elementor-column elementor-col-100 elementor-top-column elementor-element elementor-element-1ce3c67\" data-id=\"1ce3c67\" data-element_type=\"column\">\n\t\t\t<div class=\"elementor-widget-wrap elementor-element-populated\">\n\t\t\t\t\t\t\t\t<div class=\"elementor-element elementor-element-393a7b9 elementor-widget elementor-widget-heading\" data-id=\"393a7b9\" data-element_type=\"widget\" data-widget_type=\"heading.default\">\n\t\t\t\t<div class=\"elementor-widget-container\">\n\t\t\t<style>\/*! elementor - v3.11.5 - 14-03-2023 *\/\n.elementor-heading-title{padding:0;margin:0;line-height:1}.elementor-widget-heading .elementor-heading-title[class*=elementor-size-]>a{color:inherit;font-size:inherit;line-height:inherit}.elementor-widget-heading .elementor-heading-title.elementor-size-small{font-size:15px}.elementor-widget-heading .elementor-heading-title.elementor-size-medium{font-size:19px}.elementor-widget-heading .elementor-heading-title.elementor-size-large{font-size:29px}.elementor-widget-heading .elementor-heading-title.elementor-size-xl{font-size:39px}.elementor-widget-heading .elementor-heading-title.elementor-size-xxl{font-size:59px}<\/style><h1 class=\"elementor-heading-title elementor-size-large\">Pol\u00edtica de Privacidad<\/h1>\t\t<\/div>\n\t\t\t\t<\/div>\n\t\t\t\t\t<\/div>\n\t\t<\/div>\n\t\t\t\t\t\t\t<\/div>\n\t\t<\/section>\n\t\t\t\t<section class=\"elementor-section elementor-top-section elementor-element elementor-element-b38f1b5 elementor-section-boxed elementor-section-height-default elementor-section-height-default\" data-id=\"b38f1b5\" data-element_type=\"section\" data-settings=\"{&quot;jet_parallax_layout_list&quot;:[]}\">\n\t\t\t\t\t\t<div class=\"elementor-container elementor-column-gap-default\">\n\t\t\t\t\t<div class=\"elementor-column elementor-col-100 elementor-top-column elementor-element elementor-element-a6d4f5b\" data-id=\"a6d4f5b\" data-element_type=\"column\">\n\t\t\t<div class=\"elementor-widget-wrap elementor-element-populated\">\n\t\t\t\t\t\t\t\t<div class=\"elementor-element elementor-element-1f78be1 elementor-widget elementor-widget-text-editor\" data-id=\"1f78be1\" data-element_type=\"widget\" data-widget_type=\"text-editor.default\">\n\t\t\t\t<div class=\"elementor-widget-container\">\n\t\t\t<style>\/*! elementor - v3.11.5 - 14-03-2023 *\/\n.elementor-widget-text-editor.elementor-drop-cap-view-stacked .elementor-drop-cap{background-color:#818a91;color:#fff}.elementor-widget-text-editor.elementor-drop-cap-view-framed .elementor-drop-cap{color:#818a91;border:3px solid;background-color:transparent}.elementor-widget-text-editor:not(.elementor-drop-cap-view-default) .elementor-drop-cap{margin-top:8px}.elementor-widget-text-editor:not(.elementor-drop-cap-view-default) .elementor-drop-cap-letter{width:1em;height:1em}.elementor-widget-text-editor .elementor-drop-cap{float:left;text-align:center;line-height:1;font-size:50px}.elementor-widget-text-editor .elementor-drop-cap-letter{display:inline-block}<\/style>\t\t\t\t<p>PONIENTE ITEMS, conforme a la legislaci\u00f3n vigente en materia de Protecci\u00f3n de Datos de Car\u00e1cter Personal, pone en conocimiento de los usuarios del sitio web\u00a0<a href=\"https:\/\/diagrame.es\/full\">https:\/\/dmoura1.com<\/a> (en adelante, la P\u00e1gina) la Pol\u00edtica de Privacidad que seguir\u00e1 en el tratamiento de los datos personales que el Usuario facilite voluntariamente al acceder a su web.<\/p><p>El Usuario, al proporcionar a PONIENTE ITEMS sus datos de car\u00e1cter personal, a trav\u00e9s de los formularios electr\u00f3nicos de la P\u00e1gina, apartado de contacto y, en su caso, a trav\u00e9s de la marcaci\u00f3n de la correspondiente casilla de aceptaci\u00f3n, consiente expresamente el tratamiento de esos datos, conforme la presente Pol\u00edtica de Privacidad.<\/p><p>Si el usuario tiene alguna duda acerca de esta Pol\u00edtica de Privacidad o sobre c\u00f3mo PONIENTE ITEMS trata su informaci\u00f3n personal, puede contactar con nosotros en la direcci\u00f3n electr\u00f3nica\u00a0<a href=\"mailto:info@diagrame.es\">bonavista@bonavistadev.com<\/a><\/p><p>\u00a0<\/p><p><strong>\u00bfQui\u00e9n es el responsable del tratamiento de sus datos personales?<\/strong><\/p><p>El responsable del tratamiento de sus datos es:<\/p><p>PONIENTE ITEMS SL, en adelante denominada \u201cPONIENTE ITEMS\u201d.<\/p><p>CIF n\u00famero: B87932133<\/p><p>Domicilio: Gran Via de Les Corts Catalanes, 643, 2\u00ba 1\u00aa, C.P. 08010, Barcelona \u2013 Espa\u00f1a<\/p><p>Correo electr\u00f3nico:\u00a0<a href=\"mailto:info@diagrame.es\">bonavista@bonavistadev.com<\/a><\/p><p><strong>\u00a0<\/strong><\/p><p><strong>\u00bfQu\u00e9 datos de car\u00e1cter personal recabamos y para qu\u00e9 los utilizamos?<\/strong><\/p><p>PONIENTE ITEMS, a fin de poder proporcionar sus servicios, recibe y trata la informaci\u00f3n personal que el usuario le facilita directamente mediante la cumplimentaci\u00f3n voluntaria del formulario de contacto o el env\u00edo de correos electr\u00f3nicos.<\/p><p>El usuario acepta el tratamiento de sus datos con las siguientes finalidades:<\/p><ul><li><strong>Datos facilitados a trav\u00e9s del formulario de contacto:<\/strong>\u00a0Gestionar y atender todas las solicitudes de informaci\u00f3n, consultas, reclamaciones o cualquier otro tipo de petici\u00f3n realizada por el usuario.<\/li><\/ul><ul><li><strong>Env\u00edo de comunicaciones comerciales:<\/strong>\u00a0En caso de que el usuario preste su consentimiento expreso para ello, marcando la casilla que se facilita, enviarle comunicaciones comerciales sobre los productos y servicios del Grupo PONIENTE ITEMS, por medios electr\u00f3nicos y\/o convencionales.<\/li><\/ul><p>El usuario ser\u00e1 el \u00fanico responsable de la veracidad de los datos facilitados a PONIENTE ITEMS.<\/p><p>\u00a0<\/p><p><strong>\u00bfCu\u00e1l es la base legal para el tratamiento?<\/strong><\/p><p>La base legal para el tratamiento de los datos personales del usuario descritos en la presente Pol\u00edtica de Privacidad es el consentimiento expreso prestado por el usuario al marcar la casilla de aceptaci\u00f3n para enviar una solicitud de informaci\u00f3n, consulta, reclamaci\u00f3n o cualquier otro tipo de petici\u00f3n; o para recibir comunicaciones comerciales.<\/p><p>Los campos del formulario de contacto tienen la consideraci\u00f3n de campos necesarios para gestionar la solicitud del usuario. De no facilitarlos, no ser\u00e1 posible atender su solicitud.<\/p><p>Los consentimientos prestados para las finalidades mencionadas son independientes por lo que el usuario podr\u00e1 retirar cualquiera de ellos, no afectando a los dem\u00e1s, en cualquier momento, sin que ello afecte a la licitud del tratamiento basado en el consentimiento previo a su retirada.<\/p><p>Para retirar el consentimiento prestado, el usuario deber\u00e1 dirigirse por escrito ante PONIENTE ITEMS en las direcciones que se detallan en el apartado \u201c\u00bfQu\u00e9 derechos le asisten al usuario?\u201d<\/p><p>\u00a0<\/p><p><strong>\u00bfPor cu\u00e1nto tiempo conservaremos los datos personales?<\/strong><\/p><p>Los datos personales del usuario se conservar\u00e1n durante el tiempo necesario para atender su consulta y mientras el usuario no ejercite su derecho de oposici\u00f3n o supresi\u00f3n de sus datos.<\/p><p>En todo caso, los datos personales se conservar\u00e1n durante los plazos de prescripci\u00f3n aplicables para la atenci\u00f3n de posibles responsabilidades legales que pudieran derivarse del tratamiento.<\/p><p>\u00a0<\/p><p><strong>\u00bfA qui\u00e9n le comunicaremos sus datos personales?<\/strong><\/p><p>Los datos personales facilitados podr\u00e1n ser comunicados a terceros a quienes PONIENTE ITEMS hubiera encargado alg\u00fan servicio relacionado con la finalidad del tratamiento, siempre cumpliendo para ello los requisitos establecidos por la legislaci\u00f3n vigente.<\/p><p>En este sentido, con las finalidades descritas, compartimos los datos con las compa\u00f1\u00edas encargadas de la comercializaci\u00f3n de los activos inmobiliarios de PONIENTE ITEMS.<\/p><p>CUSHMAN &amp; WAKEFIELD SPAIN LIMITED SUCURSAL EN ESPA\u00d1A, S.A. con direcci\u00f3n en Madrid-Spain, calle Jos\u00e9 Ortega y Gasset 29, Edificio Beatriz, 6\u00ba planta, C.P. 28006, con CIF no. W0061691B<\/p><p>\u00a0<\/p><p><strong>\u00bfQu\u00e9 derechos le asisten al usuario?<\/strong><\/p><p>Como titular de los datos personales, el usuario puede ejercitar sus derechos de acceso, rectificaci\u00f3n, supresi\u00f3n, portabilidad, limitaci\u00f3n u oposici\u00f3n al tratamiento, as\u00ed como a no ser objeto de decisiones individuales automatizadas, incluida la elaboraci\u00f3n de perfiles, dirigi\u00e9ndose por escrito a PONIENTE ITEMS en alguna de las siguientes direcciones:<\/p><p>Direcci\u00f3n postal: Gran Via de Les Corts Catalanes, 643, 2\u00ba 1\u00aa, C.P. 08010, Barcelona &#8211; Espa\u00f1a<\/p><p>Correo electr\u00f3nico:\u00a0<a href=\"mailto:info@diagrame.es\">bonavista@bonavistadev.com<\/a><\/p><p>Asimismo, el usuario tiene el derecho a presentar una reclamaci\u00f3n ante\u00a0la Autoridad de Control competente (en Espa\u00f1a, la Agencia Espa\u00f1ola de Protecci\u00f3n de Datos:\u00a0<a href=\"http:\/\/www.aepd.es\/\">www.aepd.es<\/a>), cuando considere que no ha obtenido satisfacci\u00f3n por parte del responsable del tratamiento en el ejercicio de sus derechos o considere que de tratamiento no se ajusta a la normativa vigente.<\/p><p>\u00a0<\/p><p><strong>Actualizaciones y cambios<\/strong><\/p><p>En cualquier momento, PONIENTE ITEMS puede modificar unilateralmente, y sin previo aviso, la presente Pol\u00edtica de Privacidad, en cuyo caso se informar\u00e1 de forma oportuna.<\/p>\t\t\t\t\t\t<\/div>\n\t\t\t\t<\/div>\n\t\t\t\t\t<\/div>\n\t\t<\/div>\n\t\t\t\t\t\t\t<\/div>\n\t\t<\/section>\n\t\t\t\t\t\t\t<\/div>\n\t\t","protected":false},"excerpt":{"rendered":"<p>PONIENTE ITEMS, conforme a la legislaci\u00f3n vigente en materia de Protecci\u00f3n de Datos de Car\u00e1cter Personal, pone en conocimiento de los usuarios del sitio web\u00a0https:\/\/dmoura1.com (en adelante, la P\u00e1gina) la Pol\u00edtica de Privacidad que seguir\u00e1 en el tratamiento de los datos personales que el Usuario facilite voluntariamente al acceder a su web. El Usuario, al [&hellip;]<\/p>\n","protected":false},"author":2,"featured_media":0,"parent":0,"menu_order":0,"comment_status":"closed","ping_status":"closed","template":"","meta":[],"_links":{"self":[{"href":"https:\/\/dmoura1.com\/es\/wp-json\/wp\/v2\/pages\/3103"}],"collection":[{"href":"https:\/\/dmoura1.com\/es\/wp-json\/wp\/v2\/pages"}],"about":[{"href":"https:\/\/dmoura1.com\/es\/wp-json\/wp\/v2\/types\/page"}],"author":[{"embeddable":true,"href":"https:\/\/dmoura1.com\/es\/wp-json\/wp\/v2\/users\/2"}],"replies":[{"embeddable":true,"href":"https:\/\/dmoura1.com\/es\/wp-json\/wp\/v2\/comments?post=3103"}],"version-history":[{"count":9,"href":"https:\/\/dmoura1.com\/es\/wp-json\/wp\/v2\/pages\/3103\/revisions"}],"predecessor-version":[{"id":3129,"href":"https:\/\/dmoura1.com\/es\/wp-json\/wp\/v2\/pages\/3103\/revisions\/3129"}],"wp:attachment":[{"href":"https:\/\/dmoura1.com\/es\/wp-json\/wp\/v2\/media?parent=3103"}],"curies":[{"name":"wp","href":"https:\/\/api.w.org\/{rel}","templated":true}]}}