{"id":3105,"date":"2021-11-25T08:44:39","date_gmt":"2021-11-25T08:44:39","guid":{"rendered":"https:\/\/dmoura1.com\/legal-notice\/"},"modified":"2022-03-23T12:49:22","modified_gmt":"2022-03-23T12:49:22","slug":"aviso-legal","status":"publish","type":"page","link":"https:\/\/dmoura1.com\/es\/aviso-legal\/","title":{"rendered":"Aviso Legal"},"content":{"rendered":"\t\t<div data-elementor-type=\"wp-page\" data-elementor-id=\"3105\" class=\"elementor elementor-3105 elementor-707\">\n\t\t\t\t\t\t\t\t\t<section class=\"elementor-section elementor-top-section elementor-element elementor-element-d56bbc4 elementor-section-boxed elementor-section-height-default elementor-section-height-default\" data-id=\"d56bbc4\" data-element_type=\"section\" data-settings=\"{&quot;jet_parallax_layout_list&quot;:[],&quot;background_background&quot;:&quot;classic&quot;}\">\n\t\t\t\t\t\t<div class=\"elementor-container elementor-column-gap-default\">\n\t\t\t\t\t<div class=\"elementor-column elementor-col-100 elementor-top-column elementor-element elementor-element-4f2fb1f\" data-id=\"4f2fb1f\" data-element_type=\"column\">\n\t\t\t<div class=\"elementor-widget-wrap elementor-element-populated\">\n\t\t\t\t\t\t\t\t<div class=\"elementor-element elementor-element-1399391 elementor-widget elementor-widget-heading\" data-id=\"1399391\" data-element_type=\"widget\" data-widget_type=\"heading.default\">\n\t\t\t\t<div class=\"elementor-widget-container\">\n\t\t\t<style>\/*! elementor - v3.11.5 - 14-03-2023 *\/\n.elementor-heading-title{padding:0;margin:0;line-height:1}.elementor-widget-heading .elementor-heading-title[class*=elementor-size-]>a{color:inherit;font-size:inherit;line-height:inherit}.elementor-widget-heading .elementor-heading-title.elementor-size-small{font-size:15px}.elementor-widget-heading .elementor-heading-title.elementor-size-medium{font-size:19px}.elementor-widget-heading .elementor-heading-title.elementor-size-large{font-size:29px}.elementor-widget-heading .elementor-heading-title.elementor-size-xl{font-size:39px}.elementor-widget-heading .elementor-heading-title.elementor-size-xxl{font-size:59px}<\/style><h1 class=\"elementor-heading-title elementor-size-large\">Aviso Legal<\/h1>\t\t<\/div>\n\t\t\t\t<\/div>\n\t\t\t\t\t<\/div>\n\t\t<\/div>\n\t\t\t\t\t\t\t<\/div>\n\t\t<\/section>\n\t\t\t\t<section class=\"elementor-section elementor-top-section elementor-element elementor-element-c244bd2 elementor-section-boxed elementor-section-height-default elementor-section-height-default\" data-id=\"c244bd2\" data-element_type=\"section\" data-settings=\"{&quot;jet_parallax_layout_list&quot;:[]}\">\n\t\t\t\t\t\t<div class=\"elementor-container elementor-column-gap-default\">\n\t\t\t\t\t<div class=\"elementor-column elementor-col-100 elementor-top-column elementor-element elementor-element-8299804\" data-id=\"8299804\" data-element_type=\"column\">\n\t\t\t<div class=\"elementor-widget-wrap elementor-element-populated\">\n\t\t\t\t\t\t\t\t<div class=\"elementor-element elementor-element-42a28e0 elementor-widget elementor-widget-text-editor\" data-id=\"42a28e0\" data-element_type=\"widget\" data-widget_type=\"text-editor.default\">\n\t\t\t\t<div class=\"elementor-widget-container\">\n\t\t\t<style>\/*! elementor - v3.11.5 - 14-03-2023 *\/\n.elementor-widget-text-editor.elementor-drop-cap-view-stacked .elementor-drop-cap{background-color:#818a91;color:#fff}.elementor-widget-text-editor.elementor-drop-cap-view-framed .elementor-drop-cap{color:#818a91;border:3px solid;background-color:transparent}.elementor-widget-text-editor:not(.elementor-drop-cap-view-default) .elementor-drop-cap{margin-top:8px}.elementor-widget-text-editor:not(.elementor-drop-cap-view-default) .elementor-drop-cap-letter{width:1em;height:1em}.elementor-widget-text-editor .elementor-drop-cap{float:left;text-align:center;line-height:1;font-size:50px}.elementor-widget-text-editor .elementor-drop-cap-letter{display:inline-block}<\/style>\t\t\t\t<ol><li><strong>IDENTIFICACI\u00d3N DEL TITULAR DEL SITIO WEB<\/strong><\/li><\/ol><p>El presente Aviso Legal regula el uso de la p\u00e1gina\u00a0<a href=\"https:\/\/dmoura1.com\">https:\/\/dmoura1.com<\/a>\u00a0(en adelante el Sitio Web), titularidad de:<\/p><ul><li>PONIENTE ITEMS SL, en adelante denominada \u201cPONIENTE ITEMS\u201d.<\/li><li>CIF n\u00famero: B87932133<\/li><li>Domicilio social: Gran Via de Les Corts Catalanes, 643, 2\u00ba, 1\u00aa, C.P. 08010 \u2013 Barcelona (Espa\u00f1a)<\/li><li>Correo electr\u00f3nico:\u00a0<a href=\"mailto:info@diagrame.es\">bonavista@bonavistadev.com<\/a><\/li><li>N\u00famero de tel\u00e9fono: +34 931 999 945<\/li><\/ul><p>\u00a0<\/p><ol start=\"2\"><li><strong>CONDICIONES DE USO<\/strong><\/li><\/ol><p>2.1 Para poder usar el presente Website el usuario debe ser mayor de edad y tener capacidad legal para celebrar contratos.<\/p><p>2.2 El acceso y uso de este Sitio Web le atribuye la condici\u00f3n de Usuario, quien, al navegar por el mismo, acepta \u00edntegra, expresa y sin reservas todas las cl\u00e1usulas del presente aviso legal, por lo que le rogamos los lea detenidamente.<\/p><p>Asimismo, el acceso y la navegaci\u00f3n por el Sitio Web implican la aceptaci\u00f3n expresa e \u00edntegra de la Pol\u00edtica de Privacidad, relativa al tratamiento de los datos que usted como Usuario nos facilite, as\u00ed como de la Pol\u00edtica de Cookies.<\/p><p>2.3 En cualquier momento, PONIENTE ITEMS puede modificar unilateralmente, y sin previo aviso, la presentaci\u00f3n y\/o configuraci\u00f3n del Sitio Web, los servicios y contenidos prestados, as\u00ed como el presente Aviso Legal.<\/p><p>2.4 El Usuario se obliga a hacer un uso correcto de este Sitio Web, sus servicios y contenidos, sin contravenir los derechos fundamentales, la legislaci\u00f3n vigente, la buena fe, los usos generalmente aceptados o el orden p\u00fablico y, en general, las condiciones establecidas en el presente Aviso Legal. Se proh\u00edbe cualquier uso con fines il\u00edcitos o con fines que vulneren los derechos de PONIENTE ITEMS y\/o de terceros.<\/p><p>2.5 En particular, el Usuario, al acceder al presente Sitio Web, se obliga expresamente a:<\/p><ul><li>No realizar ninguna acci\u00f3n destinada a perjudicar, bloquear, da\u00f1ar, inutilizar, sobrecargar, de forma temporal o definitiva, las funcionalidades, herramientas, contenidos y\/o la infraestructura de la p\u00e1gina web, de manera que impida su normal utilizaci\u00f3n.<\/li><li>No utilizar cualquiera de los materiales e informaciones contenidos en este Sitio Web con fines il\u00edcitos y expresamente prohibidos en las presentes cl\u00e1usulas, y que resulten contrarios a los derechos e intereses de\u00a0PONIENTE ITEMS y\/o terceros.<\/li><li>Realizar cualquier acci\u00f3n que de cualquier manera menoscabe la reputaci\u00f3n de PONIENTE ITEMS o de terceros, o constituya, en su caso, publicidad il\u00edcita, enga\u00f1osa o desleal, y en general competencia desleal.<\/li><li>Incorporar virus u otros elementos f\u00edsicos o electr\u00f3nicos que puedan da\u00f1ar o impedir el normal funcionamiento de la red, del sistema o de equipos inform\u00e1ticos de PONIENTE ITEMS o de terceros, o que puedan da\u00f1ar los documentos electr\u00f3nicos y archivos almacenados en dichos equipos.<\/li><\/ul><p>2.6 El Usuario responder\u00e1 de todos los da\u00f1os y perjuicios de toda naturaleza que PONIENTE ITEMS o cualquier tercero pueda sufrir como consecuencia del incumplimiento de cualquiera de las obligaciones a las que queda sometido en virtud del presente Aviso Legal o de la ley en relaci\u00f3n con el acceso y\/o utilizaci\u00f3n del Sitio Web.<\/p><p>2.7 PONIENTE ITEMS se reserva el derecho de interrumpir el servicio para el usuario que est\u00e9 utilizando el Sitio Web sin considerar lo expresado en el presente Aviso Legal.<\/p><p>\u00a0<\/p><ol start=\"3\"><li><strong>INFORMACI\u00d3N SOBRE NUESTROS PROYECTOS<\/strong><\/li><\/ol><p>Las fotograf\u00edas, representaciones gr\u00e1ficas o iconogr\u00e1ficas, v\u00eddeos y, en general, los contenidos relativos a los proyectos ofrecidos a trav\u00e9s del Sitio Web de PONIENTE ITEMS, tienen por objeto aportar la mayor informaci\u00f3n, no obstante, el Usuario ha de tener en cuenta que tienen un prop\u00f3sito orientativo y, en consecuencia, carecen de car\u00e1cter exhaustivo.<\/p><p>PONIENTE ITEMS no garantiza que los contenidos sean precisos o libres de error y, en ning\u00fan caso tienen car\u00e1cter contractual o precontractual, pudiendo las especificaciones del proyecto (superficies, calidades, instalaciones, etc) ser modificadas o variar en funci\u00f3n de necesidades t\u00e9cnicas, legales y est\u00e9ticas.<\/p><p>\u00a0<\/p><ol start=\"4\"><li><strong>PROPIEDAD INTELECTUAL E INDUSTRIAL<\/strong><\/li><\/ol><p>PONIENTE ITEMS , por s\u00ed o en calidad de cesionaria, es la titular de los derechos de propiedad intelectual e industrial del dominio de este Sitio Web, as\u00ed como de la totalidad de los contenidos totales o parciales que aparecen en el mismo, incluyendo, a t\u00edtulo meramente enunciativo y no limitativo, todos los elementos que configuran la apariencia visual, la imagen gr\u00e1fica y otros est\u00edmulos sensoriales de las p\u00e1ginas web que forman el Sitio Web \u2013aspecto y comportamiento o look and feel, marcas, logotipos, nombres comerciales, textos, cr\u00edticas y comentarios, im\u00e1genes, gr\u00e1ficos, dise\u00f1os, sonidos, bases de datos, programas, diagramas de flujo, presentaci\u00f3n de contenidos, arquitectura de navegaci\u00f3n y los c\u00f3digos fuente.<\/p><p>Salvo autorizaci\u00f3n expresa de PONIENTE ITEMS, queda expresamente prohibida la reproducci\u00f3n, distribuci\u00f3n, transformaci\u00f3n y la comunicaci\u00f3n p\u00fablica, incluida su modalidad de puesta a disposici\u00f3n, de la totalidad o parte de los contenidos incluidos en esta p\u00e1gina web.<\/p><p>El Usuario se compromete a respetar los derechos de propiedad intelectual e industrial titularidad de PONIENTE ITEMS, aceptando que la vulneraci\u00f3n de cualquiera de estos derechos podr\u00e1 ser considerada como una actividad delictiva tipificada en Espa\u00f1a en los art\u00edculos 270 y siguientes del C\u00f3digo Penal.<\/p><p>\u00a0<\/p><ol start=\"5\"><li><strong>PROCEDIMIENTO EN CASO DE VIOLACI\u00d3N DE DERECHOS DE PROPIEDAD INTELECTUAL<\/strong><\/li><\/ol><p>En el caso de que cualquier Usuario o tercero considere que cualquiera de los contenidos ha sido introducido en el Sitio Web violando sus derechos de propiedad intelectual, se ruega que lo comunique inmediatamente a PONIENTE ITEMS, dirigi\u00e9ndose a la direcci\u00f3n electr\u00f3nica\u00a0<a href=\"mailto:info@diagrame.es\">bonavista@bonavistadev.com<\/a>, indicando dicha circunstancia, sus datos y los derechos de propiedad intelectual supuestamente infringidos.<\/p><p>\u00a0<\/p><ol start=\"6\"><li><strong>RESPONSABILIDADES<\/strong><\/li><\/ol><p>PONIENTE ITEMS no ser\u00e1 responsable directa ni subsidiariamente de:<\/p><ul><li>La calidad del servicio, la velocidad de acceso, el correcto funcionamiento ni la disponibilidad ni continuidad de funcionamiento del Sitio Web.<\/li><li>Los da\u00f1os y perjuicios de toda naturaleza que puedan causarse en los equipos del usuario por la utilizaci\u00f3n del Sitio Web, por la presencia de virus inform\u00e1ticos u otros elementos que puedan producir alteraciones o errores en los sistemas inform\u00e1ticos (software y hardware), documentos electr\u00f3nicos y ficheros del Usuario o de cualquier tercero.<\/li><\/ul>\t\t\t\t\t\t<\/div>\n\t\t\t\t<\/div>\n\t\t\t\t\t<\/div>\n\t\t<\/div>\n\t\t\t\t\t\t\t<\/div>\n\t\t<\/section>\n\t\t\t\t\t\t\t<\/div>\n\t\t","protected":false},"excerpt":{"rendered":"<p>IDENTIFICACI\u00d3N DEL TITULAR DEL SITIO WEB El presente Aviso Legal regula el uso de la p\u00e1gina\u00a0https:\/\/dmoura1.com\u00a0(en adelante el Sitio Web), titularidad de: PONIENTE ITEMS SL, en adelante denominada \u201cPONIENTE ITEMS\u201d. CIF n\u00famero: B87932133 Domicilio social: Gran Via de Les Corts Catalanes, 643, 2\u00ba, 1\u00aa, C.P. 08010 \u2013 Barcelona (Espa\u00f1a) Correo electr\u00f3nico:\u00a0bonavista@bonavistadev.com N\u00famero de tel\u00e9fono: +34 [&hellip;]<\/p>\n","protected":false},"author":2,"featured_media":0,"parent":0,"menu_order":0,"comment_status":"closed","ping_status":"closed","template":"","meta":[],"_links":{"self":[{"href":"https:\/\/dmoura1.com\/es\/wp-json\/wp\/v2\/pages\/3105"}],"collection":[{"href":"https:\/\/dmoura1.com\/es\/wp-json\/wp\/v2\/pages"}],"about":[{"href":"https:\/\/dmoura1.com\/es\/wp-json\/wp\/v2\/types\/page"}],"author":[{"embeddable":true,"href":"https:\/\/dmoura1.com\/es\/wp-json\/wp\/v2\/users\/2"}],"replies":[{"embeddable":true,"href":"https:\/\/dmoura1.com\/es\/wp-json\/wp\/v2\/comments?post=3105"}],"version-history":[{"count":7,"href":"https:\/\/dmoura1.com\/es\/wp-json\/wp\/v2\/pages\/3105\/revisions"}],"predecessor-version":[{"id":3114,"href":"https:\/\/dmoura1.com\/es\/wp-json\/wp\/v2\/pages\/3105\/revisions\/3114"}],"wp:attachment":[{"href":"https:\/\/dmoura1.com\/es\/wp-json\/wp\/v2\/media?parent=3105"}],"curies":[{"name":"wp","href":"https:\/\/api.w.org\/{rel}","templated":true}]}}