{"id":3106,"date":"2021-11-25T08:45:10","date_gmt":"2021-11-25T08:45:10","guid":{"rendered":"https:\/\/dmoura1.com\/cookies-policy\/"},"modified":"2022-03-23T12:51:54","modified_gmt":"2022-03-23T12:51:54","slug":"politica-de-cookies","status":"publish","type":"page","link":"https:\/\/dmoura1.com\/es\/politica-de-cookies\/","title":{"rendered":"Pol\u00edtica de Cookies"},"content":{"rendered":"\t\t<div data-elementor-type=\"wp-page\" data-elementor-id=\"3106\" class=\"elementor elementor-3106 elementor-709\">\n\t\t\t\t\t\t\t\t\t<section class=\"elementor-section elementor-top-section elementor-element elementor-element-1fdf383 elementor-section-boxed elementor-section-height-default elementor-section-height-default\" data-id=\"1fdf383\" data-element_type=\"section\" data-settings=\"{&quot;jet_parallax_layout_list&quot;:[],&quot;background_background&quot;:&quot;classic&quot;}\">\n\t\t\t\t\t\t<div class=\"elementor-container elementor-column-gap-default\">\n\t\t\t\t\t<div class=\"elementor-column elementor-col-100 elementor-top-column elementor-element elementor-element-eecf45e\" data-id=\"eecf45e\" data-element_type=\"column\">\n\t\t\t<div class=\"elementor-widget-wrap elementor-element-populated\">\n\t\t\t\t\t\t\t\t<div class=\"elementor-element elementor-element-14d2bbc elementor-widget elementor-widget-heading\" data-id=\"14d2bbc\" data-element_type=\"widget\" data-widget_type=\"heading.default\">\n\t\t\t\t<div class=\"elementor-widget-container\">\n\t\t\t<style>\/*! elementor - v3.11.5 - 14-03-2023 *\/\n.elementor-heading-title{padding:0;margin:0;line-height:1}.elementor-widget-heading .elementor-heading-title[class*=elementor-size-]>a{color:inherit;font-size:inherit;line-height:inherit}.elementor-widget-heading .elementor-heading-title.elementor-size-small{font-size:15px}.elementor-widget-heading .elementor-heading-title.elementor-size-medium{font-size:19px}.elementor-widget-heading .elementor-heading-title.elementor-size-large{font-size:29px}.elementor-widget-heading .elementor-heading-title.elementor-size-xl{font-size:39px}.elementor-widget-heading .elementor-heading-title.elementor-size-xxl{font-size:59px}<\/style><h1 class=\"elementor-heading-title elementor-size-large\">Pol\u00edtica de Cookies<\/h1>\t\t<\/div>\n\t\t\t\t<\/div>\n\t\t\t\t\t<\/div>\n\t\t<\/div>\n\t\t\t\t\t\t\t<\/div>\n\t\t<\/section>\n\t\t\t\t<section class=\"elementor-section elementor-top-section elementor-element elementor-element-be946ec elementor-section-boxed elementor-section-height-default elementor-section-height-default\" data-id=\"be946ec\" data-element_type=\"section\" data-settings=\"{&quot;jet_parallax_layout_list&quot;:[]}\">\n\t\t\t\t\t\t<div class=\"elementor-container elementor-column-gap-default\">\n\t\t\t\t\t<div class=\"elementor-column elementor-col-100 elementor-top-column elementor-element elementor-element-7083eb1\" data-id=\"7083eb1\" data-element_type=\"column\">\n\t\t\t<div class=\"elementor-widget-wrap elementor-element-populated\">\n\t\t\t\t\t\t\t\t<div class=\"elementor-element elementor-element-06c6079 elementor-widget elementor-widget-text-editor\" data-id=\"06c6079\" data-element_type=\"widget\" data-widget_type=\"text-editor.default\">\n\t\t\t\t<div class=\"elementor-widget-container\">\n\t\t\t<style>\/*! elementor - v3.11.5 - 14-03-2023 *\/\n.elementor-widget-text-editor.elementor-drop-cap-view-stacked .elementor-drop-cap{background-color:#818a91;color:#fff}.elementor-widget-text-editor.elementor-drop-cap-view-framed .elementor-drop-cap{color:#818a91;border:3px solid;background-color:transparent}.elementor-widget-text-editor:not(.elementor-drop-cap-view-default) .elementor-drop-cap{margin-top:8px}.elementor-widget-text-editor:not(.elementor-drop-cap-view-default) .elementor-drop-cap-letter{width:1em;height:1em}.elementor-widget-text-editor .elementor-drop-cap{float:left;text-align:center;line-height:1;font-size:50px}.elementor-widget-text-editor .elementor-drop-cap-letter{display:inline-block}<\/style>\t\t\t\t<p><strong>INTRODUCCI\u00d3N<\/strong><\/p><p>Hemos creado esta pol\u00edtica de cookies para informarle sobre su existencia y explicar por qu\u00e9 utilizamos cookies en nuestro portal web\u00a0<a href=\"https:\/\/diagrame.es\/full\">https:\/\/dmoura1.com<\/a> (de aqu\u00ed en adelante, la \u201cp\u00e1gina web\u201d), propiedad de PONIENTE ITEMS SL (de aqu\u00ed en adelante,\u00a0<strong>PONIENTE ITEMS<\/strong>), con n\u00famero de CIF B87932133, y domicilio en la Gran Via de Les Corts Catalanes, 643, 2\u00ba 1\u00aa, C.P. 08010, Barcelona \u2013 Espa\u00f1a.<\/p><p>Al acceder y\/o utilizar nuestra p\u00e1gina web, usted acepta la utilizaci\u00f3n de cookies y otras tecnolog\u00edas similares por parte de PONIENTE ITEMS y terceros. Estos terceros pueden colocar y leer cookies y otras tecnolog\u00edas similares, tales como identificadores de dispositivos, balizas web o \u201cweb beacons\u201d y pixeles de rastreo o \u201ctracking pixels\u201d, los cuales recopilan informaci\u00f3n an\u00f3nima cuando el usuario utiliza el servicio.<\/p><p>Estas tecnolog\u00edas se utilizan para poder prestarle el servicio, ofrecerle publicidad que resulte de su inter\u00e9s, as\u00ed como mejorar el servicio, facilitando tambi\u00e9n el uso de nuestras aplicaciones y plataforma web.<\/p><p>Si tiene dudas sobre esta pol\u00edtica de cookies, puede contactar con nosotros en\u00a0<a href=\"mailto:info@diagrame.es\">bonavista@bonavistadev.com<\/a><\/p><p>\u00a0<\/p><p><strong>\u00bfQU\u00c9 SON LAS COOKIES?<\/strong><\/p><p>Las cookies y estas otras tecnolog\u00edas son peque\u00f1os archivos que se descargan en el ordenador u otro equipo que utilice el usuario cuando accede y\/o utiliza determinadas p\u00e1ginas web o determinados servicios online, que almacenan y recuperan informaci\u00f3n cuando navega.<\/p><p>Las cookies se utilizan para diversas finalidades, entre ellas, para hacer que funcionen las p\u00e1ginas web o para que lo hagan de modo m\u00e1s eficaz, reconocerle como usuario, as\u00ed como para proporcionar informaci\u00f3n sobre los h\u00e1bitos de navegaci\u00f3n del usuario, de su equipo, tiempo de conexi\u00f3n, analizar el funcionamiento de la p\u00e1gina, o personalizar la forma en que se muestra el contenido; y, con ello, poder prestar determinados servicios, ofrecer publicidad o poder implementar mejoras o nuevos servicios.<\/p><p>Los usos concretos que hacemos de estas tecnolog\u00edas se describen a continuaci\u00f3n.<\/p><p>\u00a0<\/p><p><strong>\u00bfQU\u00c9 COOKIES UTILIZAMOS?<\/strong><\/p><p>A continuaci\u00f3n, se informa de los tipos de cookies que existen y de las cookies, propias y de terceros, que utiliza nuestra p\u00e1gina web:<\/p><table width=\"1166\"><tbody><tr><td width=\"151\"><p><strong>Tipo<\/strong><\/p><\/td><td width=\"1015\"><p><strong>Finalidad<\/strong><\/p><\/td><\/tr><tr><td width=\"151\"><p>Cookies t\u00e9cnicas<\/p><\/td><td width=\"1015\"><p>Son aqu\u00e9llas que permiten al usuario la navegaci\u00f3n a trav\u00e9s de una p\u00e1gina web, plataforma o aplicaci\u00f3n y la utilizaci\u00f3n de las diferentes opciones o servicios que en ella existan como, por ejemplo, controlar el tr\u00e1fico y la comunicaci\u00f3n de datos, identificar la sesi\u00f3n, acceder a partes de acceso restringido o utilizar elementos de seguridad durante la navegaci\u00f3n.<\/p><\/td><\/tr><tr><td width=\"151\"><p>Cookies de personalizaci\u00f3n<\/p><\/td><td width=\"1015\"><p>Son aqu\u00e9llas que permiten al usuario acceder al servicio con algunas caracter\u00edsticas de car\u00e1cter general predefinidas en funci\u00f3n de una serie de criterios en el terminal del usuario como, por ejemplo, el idioma, el tipo de navegador a trav\u00e9s del cual accede al servicio, la configuraci\u00f3n regional desde donde accede al servicio, etc.<\/p><\/td><\/tr><tr><td width=\"151\"><p>Cookies de an\u00e1lisis<\/p><\/td><td width=\"1015\"><p>Son aqu\u00e9llas que permiten el seguimiento y an\u00e1lisis del comportamiento de los usuarios en un determinado sitio web y\/o servicios a los que est\u00e1 vinculado. La informaci\u00f3n recogida mediante este tipo de cookies se utiliza en la medici\u00f3n de la actividad de los sitios web, aplicaci\u00f3n o plataforma, y para la elaboraci\u00f3n de perfiles de navegaci\u00f3n de los usuarios de dichos sitios, con el fin de introducir mejoras en funci\u00f3n del an\u00e1lisis de los datos de uso que hacen los usuarios del servicio.<\/p><p>Esta web utiliza servicios de an\u00e1lisis, concretamente, de\u00a0<strong>Google Analytics<\/strong>\u00a0para ayudar al website a analizar el uso que hacen los usuarios del sitio web y mejorar la usabilidad, pero en ning\u00fan caso se asocian a datos que pudieran llegar a identificar al usuario. Google Analytics, es un servicio anal\u00edtico de web prestado por Google, Inc.<\/p><p>Asimismo, utilizamos las\u00a0<strong>cookies de Wistia<\/strong>\u00a0para hacer un seguimiento del comportamiento de los usuarios mientras ven v\u00eddeos en el sitio web de dmoura1, incluyendo la parte de v\u00eddeo(s) visto, los botones pulsados en el v\u00eddeo y las tasas de finalizaci\u00f3n de v\u00eddeo.<\/p><\/td><\/tr><tr><td width=\"151\"><p>Cookies publicitarias<\/p><\/td><td width=\"1015\"><p>Son aquellas que permiten la gesti\u00f3n, de la forma m\u00e1s eficaz posible, de los espacios publicitarios que, en su caso, terceros hayan incluido en una p\u00e1gina web desde la que presta el servicio, utiliz\u00e1ndose para limitar la frecuencia y organizar la publicidad que se recibe.<\/p><\/td><\/tr><tr><td width=\"151\"><p>Cookies de publicidad comportamental<\/p><\/td><td width=\"1015\"><p>Son aqu\u00e9llas que permiten la gesti\u00f3n de los espacios publicitarios que, en su caso, se hayan incluido en una p\u00e1gina web, aplicaci\u00f3n o plataforma desde la que presta el servicio.<\/p><p>Estas cookies almacenan informaci\u00f3n del comportamiento de los usuarios obtenida a trav\u00e9s de la observaci\u00f3n continuada de sus h\u00e1bitos de navegaci\u00f3n, lo que permite desarrollar un perfil espec\u00edfico para mostrar publicidad que pueda resultarle importante o interesante.<\/p><\/td><\/tr><\/tbody><\/table><p><strong>\u00a0<\/strong><\/p><p><strong>\u00bfC\u00d3MO LAS PUEDO GESTIONAR O DESHABILITAR?<\/strong><\/p><p>Puede usted permitir, bloquear o desactivar las cookies instaladas en su equipo mediante la configuraci\u00f3n del navegador web de su ordenador o su dispositivo m\u00f3vil. La configuraci\u00f3n de los navegadores de Internet suele estar programada por defecto para aceptar Cookies, pero pueden desactivarse f\u00e1cilmente cambiando la configuraci\u00f3n del navegador.<\/p><p>Muchas cookies se utilizan para mejorar la usabilidad o funcionalidad de los sitios web\/aplicaciones, por lo tanto, si decide desactivar las cookies, es posible que algunas funcionalidades de los servicios no funcionen correctamente o su calidad puede verse afectada. Como alternativa, si el usuario no desea que se recopilen los datos conforme a lo descrito en la presente pol\u00edtica de cookies, deber\u00e1 dejar de utilizar los servicios.<\/p><p>A continuaci\u00f3n, le ofrecemos los links con las instrucciones a seguir para borrar, habilitar y administrar las cookies, seg\u00fan el navegador que utilice:<\/p><ul><li><a href=\"https:\/\/support.google.com\/chrome\/answer\/95647?hl=es\">Google Chrome<\/a><\/li><li><a href=\"https:\/\/support.microsoft.com\/es-es\/products\/windows?os=windows-10\">Microsoft Internet Explorer<\/a><\/li><li><a href=\"https:\/\/support.mozilla.org\/es\/kb\/habilitar-y-deshabilitar-cookies-sitios-web-rastrear-preferencias\">Mozilla Firefox<\/a><\/li><li><a href=\"https:\/\/support.apple.com\/es-es\/HT201265\">Safari (Apple)<\/a><\/li><\/ul><p><strong>\u00a0<\/strong><\/p><p><strong>ACTUALIZACIONES Y CAMBIOS<\/strong><\/p><p>En cualquier momento, PONIENTE ITEMS puede modificar unilateralmente, y sin previo aviso, la presentaci\u00f3n y\/o configuraci\u00f3n de la p\u00e1gina web, los servicios y contenidos prestados, incluidas las cookies utilizadas por la p\u00e1gina web, as\u00ed como la presente Pol\u00edtica de Cookies, por lo que se aconseja a los usuarios que la revisen peri\u00f3dicamente.<\/p>\t\t\t\t\t\t<\/div>\n\t\t\t\t<\/div>\n\t\t\t\t\t<\/div>\n\t\t<\/div>\n\t\t\t\t\t\t\t<\/div>\n\t\t<\/section>\n\t\t\t\t\t\t\t<\/div>\n\t\t","protected":false},"excerpt":{"rendered":"<p>INTRODUCCI\u00d3N Hemos creado esta pol\u00edtica de cookies para informarle sobre su existencia y explicar por qu\u00e9 utilizamos cookies en nuestro portal web\u00a0https:\/\/dmoura1.com (de aqu\u00ed en adelante, la \u201cp\u00e1gina web\u201d), propiedad de PONIENTE ITEMS SL (de aqu\u00ed en adelante,\u00a0PONIENTE ITEMS), con n\u00famero de CIF B87932133, y domicilio en la Gran Via de Les Corts Catalanes, 643, [&hellip;]<\/p>\n","protected":false},"author":2,"featured_media":0,"parent":0,"menu_order":0,"comment_status":"closed","ping_status":"closed","template":"","meta":[],"_links":{"self":[{"href":"https:\/\/dmoura1.com\/es\/wp-json\/wp\/v2\/pages\/3106"}],"collection":[{"href":"https:\/\/dmoura1.com\/es\/wp-json\/wp\/v2\/pages"}],"about":[{"href":"https:\/\/dmoura1.com\/es\/wp-json\/wp\/v2\/types\/page"}],"author":[{"embeddable":true,"href":"https:\/\/dmoura1.com\/es\/wp-json\/wp\/v2\/users\/2"}],"replies":[{"embeddable":true,"href":"https:\/\/dmoura1.com\/es\/wp-json\/wp\/v2\/comments?post=3106"}],"version-history":[{"count":7,"href":"https:\/\/dmoura1.com\/es\/wp-json\/wp\/v2\/pages\/3106\/revisions"}],"predecessor-version":[{"id":3126,"href":"https:\/\/dmoura1.com\/es\/wp-json\/wp\/v2\/pages\/3106\/revisions\/3126"}],"wp:attachment":[{"href":"https:\/\/dmoura1.com\/es\/wp-json\/wp\/v2\/media?parent=3106"}],"curies":[{"name":"wp","href":"https:\/\/api.w.org\/{rel}","templated":true}]}}